{"id":29,"date":"2025-08-28T16:50:23","date_gmt":"2025-08-28T14:50:23","guid":{"rendered":"https:\/\/janwellmann.de\/?page_id=29"},"modified":"2025-08-28T17:26:33","modified_gmt":"2025-08-28T15:26:33","slug":"ueber-mich","status":"publish","type":"page","link":"https:\/\/janwellmann.de\/index.php\/ueber-mich\/","title":{"rendered":"\u00dcber mich"},"content":{"rendered":"\n<div class=\"wp-block-group is-nowrap is-layout-flex wp-container-core-group-is-layout-ad2f72ca wp-block-group-is-layout-flex\">\n<figure class=\"wp-block-image size-large has-custom-border is-style-rounded\"><img loading=\"lazy\" decoding=\"async\" width=\"683\" height=\"1024\" src=\"https:\/\/janwellmann.de\/wp-content\/uploads\/2025\/08\/Andrea_Finke54434_1920-683x1024.jpg\" alt=\"\" class=\"wp-image-30\" style=\"border-style:none;border-width:0px;border-radius:17px\" srcset=\"https:\/\/janwellmann.de\/wp-content\/uploads\/2025\/08\/Andrea_Finke54434_1920-683x1024.jpg 683w, https:\/\/janwellmann.de\/wp-content\/uploads\/2025\/08\/Andrea_Finke54434_1920-200x300.jpg 200w, https:\/\/janwellmann.de\/wp-content\/uploads\/2025\/08\/Andrea_Finke54434_1920-768x1152.jpg 768w, https:\/\/janwellmann.de\/wp-content\/uploads\/2025\/08\/Andrea_Finke54434_1920-1024x1536.jpg 1024w, https:\/\/janwellmann.de\/wp-content\/uploads\/2025\/08\/Andrea_Finke54434_1920-1365x2048.jpg 1365w, https:\/\/janwellmann.de\/wp-content\/uploads\/2025\/08\/Andrea_Finke54434_1920-scaled.jpg 1707w\" sizes=\"auto, (max-width: 683px) 100vw, 683px\" \/><\/figure>\n\n\n\n<blockquote class=\"wp-block-quote is-layout-flow wp-block-quote-is-layout-flow\">\n<p>Andrea Wellmann<\/p>\n\n\n\n<p class=\"has-medium-font-size\">Sexual- und Paartherapeutin, Coach und Trainerin<br><\/p>\n<\/blockquote>\n<\/div>\n\n\n\n<ul class=\"wp-block-list\">\n<li>Sexual- und Paartherapeutin<\/li>\n\n\n\n<li>CoreDynamik Coach und Trainerin<\/li>\n\n\n\n<li>Heilpraktikerin f\u00fcr Psychotherapie<\/li>\n<\/ul>\n\n\n\n<p>Sex war schon immer mein Lieblingsthema. Die F\u00fclle an sexuellen Vorlieben, Bed\u00fcrfnissen, Varianten, und Extremen ist so zahlreich wie faszinierend.\u00a0\u00a0<\/p>\n\n\n\n<p>Sex ist \u00fcberall. Alle machen es, alle wissen es. Doch wenn es darum geht \u00fcber Sex zu sprechen, dann wird schnell rumgedruckst, um den hei\u00dfen Brei geredet, werden umst\u00e4ndliche Umschreibungen verwendet um \u00fcber etwas eigentlich v\u00f6llig gew\u00f6hnliches zu sprechen..&nbsp;<\/p>\n\n\n\n<p>Das macht es schwer, einen unbeschwerten Umgang mit Sexualit\u00e4t zu entwickeln. Dabei sprechen, meiner Erfahrung nach, sehr viele Menschen eigentlich gerne und interessiert \u00fcber Sex, wenn sie die ersten Hemmungen \u00fcberwunden haben.&nbsp;<\/p>\n\n\n\n<p>Und weil es mir leicht f\u00e4llt, und Spa\u00df macht, \u00fcber Sex zu sprechen, habe ich meine Leidenschaft zu meinem Beruf gemacht.<\/p>\n\n\n\n<p>Durch eine dreij\u00e4hrige Coaching Ausbildung am CoreDynamik Institut und Fortbildungen in Sexocorporel und Systemischer Sexualtherapie kann ich aus einem vielf\u00e4ltigen Repertoire an sexualtherapeutischen und humanistischen Methoden und Techniken sch\u00f6pfen und Menschen professionell und empathisch bei ihren Entwicklungsprozessen begleiten.&nbsp;<\/p>\n\n\n\n<p>Wenn Sie Interesse haben, oder mehr \u00fcber meine Arbeit erfahren m\u00f6chten, melden Sie sich gern \u00fcber das&nbsp;<a href=\"https:\/\/sexualtherapie.hamburg\/page\/Kontakt\">Kontaktformular.<\/a><\/p>\n","protected":false},"excerpt":{"rendered":"<p>Andrea Wellmann Sexual- und Paartherapeutin, Coach und Trainerin Sex war schon immer mein Lieblingsthema. Die F\u00fclle an sexuellen Vorlieben, Bed\u00fcrfnissen, Varianten, und Extremen ist so zahlreich wie faszinierend.\u00a0\u00a0 Sex ist \u00fcberall. Alle machen es, alle wissen es. Doch wenn es darum geht \u00fcber Sex zu sprechen, dann wird schnell rumgedruckst, um den hei\u00dfen Brei geredet, &hellip; <\/p>\n<p class=\"link-more\"><a href=\"https:\/\/janwellmann.de\/index.php\/ueber-mich\/\" class=\"more-link\"><span class=\"screen-reader-text\">\u201e\u00dcber mich\u201c<\/span> weiterlesen<\/a><\/p>\n","protected":false},"author":1,"featured_media":36,"parent":0,"menu_order":0,"comment_status":"closed","ping_status":"closed","template":"","meta":{"footnotes":""},"class_list":["post-29","page","type-page","status-publish","has-post-thumbnail","hentry"],"_links":{"self":[{"href":"https:\/\/janwellmann.de\/index.php\/wp-json\/wp\/v2\/pages\/29","targetHints":{"allow":["GET"]}}],"collection":[{"href":"https:\/\/janwellmann.de\/index.php\/wp-json\/wp\/v2\/pages"}],"about":[{"href":"https:\/\/janwellmann.de\/index.php\/wp-json\/wp\/v2\/types\/page"}],"author":[{"embeddable":true,"href":"https:\/\/janwellmann.de\/index.php\/wp-json\/wp\/v2\/users\/1"}],"replies":[{"embeddable":true,"href":"https:\/\/janwellmann.de\/index.php\/wp-json\/wp\/v2\/comments?post=29"}],"version-history":[{"count":1,"href":"https:\/\/janwellmann.de\/index.php\/wp-json\/wp\/v2\/pages\/29\/revisions"}],"predecessor-version":[{"id":31,"href":"https:\/\/janwellmann.de\/index.php\/wp-json\/wp\/v2\/pages\/29\/revisions\/31"}],"wp:featuredmedia":[{"embeddable":true,"href":"https:\/\/janwellmann.de\/index.php\/wp-json\/wp\/v2\/media\/36"}],"wp:attachment":[{"href":"https:\/\/janwellmann.de\/index.php\/wp-json\/wp\/v2\/media?parent=29"}],"curies":[{"name":"wp","href":"https:\/\/api.w.org\/{rel}","templated":true}]}}